{"id":963,"date":"2021-05-28T01:05:30","date_gmt":"2021-05-28T01:05:30","guid":{"rendered":"https:\/\/www.imaginecolor.us\/?post_type=product&#038;p=963"},"modified":"2024-07-02T19:11:20","modified_gmt":"2024-07-02T19:11:20","slug":"produce-mesh-bag-2","status":"publish","type":"product","link":"https:\/\/www.imaginecolor.us\/es\/producto\/produce-mesh-bag-2\/","title":{"rendered":"Bolsa de Malla"},"content":{"rendered":"","protected":false},"excerpt":{"rendered":"<p>Model: BRM-P3 or BRM-P3<\/p>\n<p>Perfecta para frutas y verduras.<br \/>\nMedidas: 30 ancho x 35 alto cm<br \/>\nAsa: cord\u00f3n polipropileno 70 cm<br \/>\nMaterial 1: malla 100% poli\u00e9ster<br \/>\nMaterial 2:  malla 100% poli\u00e9ster reciclado post consume (rPET)<br \/>\nPresentaci\u00f3n: 3 \u00f3 5 piezas por paquete \u00f3 a granel<\/p>\n<p class=\"translation-block\"><b>Art\u00edculo por proyecto<\/b><\/p>","protected":false},"featured_media":538,"comment_status":"open","ping_status":"closed","template":"","meta":{"_coblocks_attr":"","_coblocks_dimensions":"","_coblocks_responsive_height":"","_coblocks_accordion_ie_support":""},"product_brand":[],"product_cat":[12],"product_tag":[20,21,22],"class_list":{"0":"post-963","1":"product","2":"type-product","3":"status-publish","4":"has-post-thumbnail","6":"product_cat-jute-2-jute-2-jute-2-jute-2-jute-2-jute-2-jute-2-jute-2-jute-2","7":"product_tag-custom-item","8":"product_tag-mexico-products","9":"product_tag-usa-products","10":"pa_filter-custom-item","11":"pa_filter-usa-products","13":"first","14":"instock","15":"shipping-taxable","16":"product-type-simple"},"_links":{"self":[{"href":"https:\/\/www.imaginecolor.us\/es\/wp-json\/wp\/v2\/product\/963","targetHints":{"allow":["GET"]}}],"collection":[{"href":"https:\/\/www.imaginecolor.us\/es\/wp-json\/wp\/v2\/product"}],"about":[{"href":"https:\/\/www.imaginecolor.us\/es\/wp-json\/wp\/v2\/types\/product"}],"replies":[{"embeddable":true,"href":"https:\/\/www.imaginecolor.us\/es\/wp-json\/wp\/v2\/comments?post=963"}],"wp:featuredmedia":[{"embeddable":true,"href":"https:\/\/www.imaginecolor.us\/es\/wp-json\/wp\/v2\/media\/538"}],"wp:attachment":[{"href":"https:\/\/www.imaginecolor.us\/es\/wp-json\/wp\/v2\/media?parent=963"}],"wp:term":[{"taxonomy":"product_brand","embeddable":true,"href":"https:\/\/www.imaginecolor.us\/es\/wp-json\/wp\/v2\/product_brand?post=963"},{"taxonomy":"product_cat","embeddable":true,"href":"https:\/\/www.imaginecolor.us\/es\/wp-json\/wp\/v2\/product_cat?post=963"},{"taxonomy":"product_tag","embeddable":true,"href":"https:\/\/www.imaginecolor.us\/es\/wp-json\/wp\/v2\/product_tag?post=963"}],"curies":[{"name":"wp","href":"https:\/\/api.w.org\/{rel}","templated":true}]}}