{"id":945,"date":"2021-05-28T01:05:29","date_gmt":"2021-05-28T01:05:29","guid":{"rendered":"https:\/\/www.imaginecolor.us\/?post_type=product&#038;p=945"},"modified":"2021-09-01T19:38:15","modified_gmt":"2021-09-01T19:38:15","slug":"medium-jute-bag-2","status":"publish","type":"product","link":"https:\/\/www.imaginecolor.us\/es\/producto\/medium-jute-bag-2\/","title":{"rendered":"Bolsa Mediana"},"content":{"rendered":"","protected":false},"excerpt":{"rendered":"<p>Modelo: BE-34<\/p>\n<p><b>Uno de nuestros bolsos m\u00e1s populares, el tama\u00f1o perfecto para cualquier ocasi\u00f3n.<br \/>\n<\/b>Medidas: 30 ancho x 30 alto x 20 fuelle cm<br \/>\nAsa: algod\u00f3n acolchado 38 cm<br \/>\nMaterial: YUTE<\/p>\n<p class=\"translation-block\"><em><b>Art\u00edculo en inventario <\/b><\/em><\/p>","protected":false},"featured_media":517,"comment_status":"open","ping_status":"closed","template":"","meta":{"_coblocks_attr":"","_coblocks_dimensions":"","_coblocks_responsive_height":"","_coblocks_accordion_ie_support":""},"product_brand":[],"product_cat":[12],"product_tag":[21,31,22],"class_list":{"0":"post-945","1":"product","2":"type-product","3":"status-publish","4":"has-post-thumbnail","6":"product_cat-jute-2-jute-2-jute-2-jute-2-jute-2-jute-2-jute-2-jute-2-jute-2","7":"product_tag-mexico-products","8":"product_tag-stock-item","9":"product_tag-usa-products","10":"pa_filter-stock-item","11":"pa_filter-usa-products","13":"first","14":"instock","15":"shipping-taxable","16":"product-type-simple"},"_links":{"self":[{"href":"https:\/\/www.imaginecolor.us\/es\/wp-json\/wp\/v2\/product\/945","targetHints":{"allow":["GET"]}}],"collection":[{"href":"https:\/\/www.imaginecolor.us\/es\/wp-json\/wp\/v2\/product"}],"about":[{"href":"https:\/\/www.imaginecolor.us\/es\/wp-json\/wp\/v2\/types\/product"}],"replies":[{"embeddable":true,"href":"https:\/\/www.imaginecolor.us\/es\/wp-json\/wp\/v2\/comments?post=945"}],"wp:featuredmedia":[{"embeddable":true,"href":"https:\/\/www.imaginecolor.us\/es\/wp-json\/wp\/v2\/media\/517"}],"wp:attachment":[{"href":"https:\/\/www.imaginecolor.us\/es\/wp-json\/wp\/v2\/media?parent=945"}],"wp:term":[{"taxonomy":"product_brand","embeddable":true,"href":"https:\/\/www.imaginecolor.us\/es\/wp-json\/wp\/v2\/product_brand?post=945"},{"taxonomy":"product_cat","embeddable":true,"href":"https:\/\/www.imaginecolor.us\/es\/wp-json\/wp\/v2\/product_cat?post=945"},{"taxonomy":"product_tag","embeddable":true,"href":"https:\/\/www.imaginecolor.us\/es\/wp-json\/wp\/v2\/product_tag?post=945"}],"curies":[{"name":"wp","href":"https:\/\/api.w.org\/{rel}","templated":true}]}}