{"id":404,"date":"2021-04-09T01:46:52","date_gmt":"2021-04-09T01:46:52","guid":{"rendered":"https:\/\/www.imaginecolor.us\/?page_id=404"},"modified":"2021-04-20T00:55:17","modified_gmt":"2021-04-20T00:55:17","slug":"request-a-quote","status":"publish","type":"page","link":"https:\/\/www.imaginecolor.us\/es\/request-a-quote\/","title":{"rendered":"Solicitar Cotizaci\u00f3n"},"content":{"rendered":"<div data-vc-full-width=\"true\" data-vc-full-width-init=\"false\" class=\"vc_row vc_custom_1618879777663 vc_row-has-fill\"><div class=\"zy-vc-wrapper\"><div class=\"wpb_column kolaso_column vc_column_container vc_col-sm-12\"><div class=\"vc_column-inner\"><div class=\"zy_wrapper wpb_wrapper\"><div class=\"vc_empty_space\"   style=\"height: 150px\"><span class=\"vc_empty_space_inner\"><\/span><\/div><div class=\"vc_row vc_inner vc_row-fluid\"><div class=\"wpb_column vc_column_container vc_col-sm-6 vc_col-has-fill\"><div class=\"vc_column-inner zy_wrapper vc_custom_1617932064410\"><div class=\"wpb_wrapper\">\n\t<div class=\"wpb_text_column wpb_content_element  vc_custom_1617932936612\" >\n\t\t<div class=\"wpb_wrapper\">\n\t\t\t<h2 style=\"font-weight: 900; text-transform: uppercase;\">Solicitar Cotizaci\u00f3n<\/h2>\n\n\t\t<\/div>\n\t<\/div>\n\n<div class=\"wpcf7 no-js\" id=\"wpcf7-f406-o1\" lang=\"es-ES\" dir=\"ltr\" data-wpcf7-id=\"406\">\n<div class=\"screen-reader-response\"><p role=\"status\" aria-live=\"polite\" aria-atomic=\"true\"><\/p> <ul><\/ul><\/div>\n<form action=\"\/es\/wp-json\/wp\/v2\/pages\/404#wpcf7-f406-o1\" method=\"post\" class=\"wpcf7-form init\" aria-label=\"Formulario de contacto\" novalidate=\"novalidate\" data-status=\"init\" data-trp-original-action=\"\/es\/wp-json\/wp\/v2\/pages\/404#wpcf7-f406-o1\">\n<fieldset class=\"hidden-fields-container\"><input type=\"hidden\" name=\"_wpcf7\" value=\"406\" \/><input type=\"hidden\" name=\"_wpcf7_version\" value=\"6.1.1\" \/><input type=\"hidden\" name=\"_wpcf7_locale\" value=\"es_ES\" \/><input type=\"hidden\" name=\"_wpcf7_unit_tag\" value=\"wpcf7-f406-o1\" \/><input type=\"hidden\" name=\"_wpcf7_container_post\" value=\"0\" \/><input type=\"hidden\" name=\"_wpcf7_posted_data_hash\" value=\"\" \/><input type=\"hidden\" name=\"_wpcf7_recaptcha_response\" value=\"\" \/>\n<\/fieldset>\n<p><label> Nombre <span class=\"wpcf7-form-control-wrap\" data-name=\"your-name\"><input size=\"40\" maxlength=\"400\" class=\"wpcf7-form-control wpcf7-text wpcf7-validates-as-required\" aria-required=\"true\" aria-invalid=\"false\" value=\"\" type=\"text\" name=\"your-name\" \/><\/span><\/label><br \/>\n<label> Correo <span class=\"wpcf7-form-control-wrap\" data-name=\"your-email\"><input size=\"40\" maxlength=\"400\" class=\"wpcf7-form-control wpcf7-email wpcf7-validates-as-required wpcf7-text wpcf7-validates-as-email\" aria-required=\"true\" aria-invalid=\"false\" value=\"\" type=\"email\" name=\"your-email\" \/><\/span><\/label><br \/>\n<label> Compa\u00f1ia <span class=\"wpcf7-form-control-wrap\" data-name=\"company\"><input size=\"40\" maxlength=\"400\" class=\"wpcf7-form-control wpcf7-text\" aria-invalid=\"false\" value=\"\" type=\"text\" name=\"company\" \/><\/span><\/label><br \/>\n<label>N\u00famero telef\u00f3nico  10 d\u00edgitos: <span class=\"wpcf7-form-control-wrap\" data-name=\"phone\"><input size=\"40\" maxlength=\"400\" class=\"wpcf7-form-control wpcf7-tel wpcf7-validates-as-required wpcf7-text wpcf7-validates-as-tel\" aria-required=\"true\" aria-invalid=\"false\" value=\"\" type=\"tel\" name=\"phone\" \/><\/span><\/label><br \/>\n<label> Descripci\u00f3n <span class=\"wpcf7-form-control-wrap\" data-name=\"description\"><textarea cols=\"40\" rows=\"10\" maxlength=\"2000\" class=\"wpcf7-form-control wpcf7-textarea\" aria-invalid=\"false\" name=\"description\"><\/textarea><\/span><\/label><br \/>\n<label> Modelo <\/label><br \/>\n<span class=\"wpcf7-form-control-wrap\" data-name=\"Size\"><span class=\"wpcf7-form-control wpcf7-checkbox\"><span class=\"wpcf7-list-item first\"><label><input type=\"checkbox\" name=\"Size[]\" value=\"Small\" \/><span class=\"wpcf7-list-item-label\">Chico<\/span><\/label><\/span><span class=\"wpcf7-list-item\"><label><input type=\"checkbox\" name=\"Size[]\" value=\"Medium\" \/><span class=\"wpcf7-list-item-label\">Mediano<\/span><\/label><\/span><span class=\"wpcf7-list-item last\"><label><input type=\"checkbox\" name=\"Size[]\" value=\"Large\" \/><span class=\"wpcf7-list-item-label\">Grande<\/span><\/label><\/span><\/span><\/span><br \/>\n<label> Material <\/label><br \/>\n<span class=\"wpcf7-form-control-wrap\" data-name=\"Fabric\"><span class=\"wpcf7-form-control wpcf7-checkbox\"><span class=\"wpcf7-list-item first\"><label><input type=\"checkbox\" name=\"Fabric[]\" value=\"Jute\" \/><span class=\"wpcf7-list-item-label\">Yute<\/span><\/label><\/span><span class=\"wpcf7-list-item\"><label><input type=\"checkbox\" name=\"Fabric[]\" value=\"Juco\" \/><span class=\"wpcf7-list-item-label\">Yuco<\/span><\/label><\/span><span class=\"wpcf7-list-item\"><label><input type=\"checkbox\" name=\"Fabric[]\" value=\"Cotton\" \/><span class=\"wpcf7-list-item-label\">Algod\u00f3n<\/span><\/label><\/span><span class=\"wpcf7-list-item\"><label><input type=\"checkbox\" name=\"Fabric[]\" value=\"rPET\" \/><span class=\"wpcf7-list-item-label\">rPET<\/span><\/label><\/span><span class=\"wpcf7-list-item last\"><label><input type=\"checkbox\" name=\"Fabric[]\" value=\"Mesh\" \/><span class=\"wpcf7-list-item-label\">Malla<\/span><\/label><\/span><\/span><\/span><br \/>\n<label> Cantidad <\/label><br \/>\n<span class=\"wpcf7-form-control-wrap\" data-name=\"Quantity\"><input class=\"wpcf7-form-control wpcf7-number wpcf7-validates-as-required wpcf7-validates-as-number\" aria-required=\"true\" aria-invalid=\"false\" placeholder=\"0\" value=\"\" type=\"number\" name=\"Quantity\" \/><\/span><br \/>\n<label> Colores Impresi\u00f3n <\/label><br \/>\n<span class=\"wpcf7-form-control-wrap\" data-name=\"Colors\"><span class=\"wpcf7-form-control wpcf7-checkbox\"><span class=\"wpcf7-list-item first\"><label><input type=\"checkbox\" name=\"Colors[]\" value=\"One\" \/><span class=\"wpcf7-list-item-label\">Uno<\/span><\/label><\/span><span class=\"wpcf7-list-item\"><label><input type=\"checkbox\" name=\"Colors[]\" value=\"Two\" \/><span class=\"wpcf7-list-item-label\">Dos<\/span><\/label><\/span><span class=\"wpcf7-list-item\"><label><input type=\"checkbox\" name=\"Colors[]\" value=\"Three\" \/><span class=\"wpcf7-list-item-label\">Tres<\/span><\/label><\/span><span class=\"wpcf7-list-item last\"><label><input type=\"checkbox\" name=\"Colors[]\" value=\"Four\" \/><span class=\"wpcf7-list-item-label\">Cuatro<\/span><\/label><\/span><\/span><\/span><br \/>\n<label> Lados a Imprimir<\/label><br \/>\n<span class=\"wpcf7-form-control-wrap\" data-name=\"Colors\"><span class=\"wpcf7-form-control wpcf7-checkbox\"><span class=\"wpcf7-list-item first\"><label><input type=\"checkbox\" name=\"Colors[]\" value=\"1 Side\" \/><span class=\"wpcf7-list-item-label\">Uno<\/span><\/label><\/span><span class=\"wpcf7-list-item last\"><label><input type=\"checkbox\" name=\"Colors[]\" value=\"2 Sides\" \/><span class=\"wpcf7-list-item-label\">Dos<\/span><\/label><\/span><\/span><\/span><br \/>\n<label> Informaci\u00f3n Adicional <span class=\"wpcf7-form-control-wrap\" data-name=\"aditionalinformation\"><textarea cols=\"40\" rows=\"10\" maxlength=\"2000\" class=\"wpcf7-form-control wpcf7-textarea\" aria-invalid=\"false\" name=\"aditionalinformation\"><\/textarea><\/span><\/label>\n<\/p>\n<p><input class=\"wpcf7-form-control wpcf7-submit has-spinner\" type=\"submit\" value=\"Enviar\" \/>\n<\/p><div class=\"wpcf7-response-output\" aria-hidden=\"true\"><\/div>\n<input type=\"hidden\" name=\"trp-form-language\" value=\"es\"\/><\/form>\n<\/div>\n<\/div><\/div><\/div><div class=\"wpb_column vc_column_container vc_col-sm-6\"><div class=\"vc_column-inner zy_wrapper\"><div class=\"wpb_wrapper\"><\/div><\/div><\/div><\/div><div class=\"vc_empty_space\"   style=\"height: 150px\"><span class=\"vc_empty_space_inner\"><\/span><\/div><\/div><\/div><\/div><\/div><\/div><div class=\"vc_row-full-width vc_clearfix\"><\/div>","protected":false},"excerpt":{"rendered":"Request a Quote Name E-mail Company Phone Number Description Size SmallMediumLarge Fabric JuteJucoCottonrPETMesh Quantity Colors OneTwoThreeFour Print Sides 1 Side2 Sides Additional Information","protected":false},"author":1,"featured_media":0,"parent":0,"menu_order":0,"comment_status":"closed","ping_status":"closed","template":"","meta":{"_coblocks_attr":"","_coblocks_dimensions":"","_coblocks_responsive_height":"","_coblocks_accordion_ie_support":"","footnotes":""},"class_list":["post-404","page","type-page","status-publish","hentry"],"_links":{"self":[{"href":"https:\/\/www.imaginecolor.us\/es\/wp-json\/wp\/v2\/pages\/404","targetHints":{"allow":["GET"]}}],"collection":[{"href":"https:\/\/www.imaginecolor.us\/es\/wp-json\/wp\/v2\/pages"}],"about":[{"href":"https:\/\/www.imaginecolor.us\/es\/wp-json\/wp\/v2\/types\/page"}],"author":[{"embeddable":true,"href":"https:\/\/www.imaginecolor.us\/es\/wp-json\/wp\/v2\/users\/1"}],"replies":[{"embeddable":true,"href":"https:\/\/www.imaginecolor.us\/es\/wp-json\/wp\/v2\/comments?post=404"}],"version-history":[{"count":0,"href":"https:\/\/www.imaginecolor.us\/es\/wp-json\/wp\/v2\/pages\/404\/revisions"}],"wp:attachment":[{"href":"https:\/\/www.imaginecolor.us\/es\/wp-json\/wp\/v2\/media?parent=404"}],"curies":[{"name":"wp","href":"https:\/\/api.w.org\/{rel}","templated":true}]}}