{"id":336,"date":"2021-04-08T19:28:15","date_gmt":"2021-04-08T19:28:15","guid":{"rendered":"https:\/\/www.imaginecolor.us\/?page_id=336"},"modified":"2021-08-24T01:14:07","modified_gmt":"2021-08-24T01:14:07","slug":"faqs","status":"publish","type":"page","link":"https:\/\/www.imaginecolor.us\/es\/faqs\/","title":{"rendered":"FAQs"},"content":{"rendered":"<div class=\"vc_row\"><div class=\"zy-vc-wrapper\"><div class=\"wpb_column kolaso_column vc_column_container vc_col-sm-12\"><div class=\"vc_column-inner\"><div class=\"zy_wrapper wpb_wrapper\">\n\t\t\t<!-- START FAQs REVOLUTION SLIDER 6.3.2 --><p class=\"rs-p-wp-fix\"><\/p>\n\t\t\t<rs-module-wrap id=\"rev_slider_5_1_wrapper\" data-source=\"gallery\" style=\"background:transparent;padding:0;margin:0px auto;margin-top:0;margin-bottom:0;\">\n\t\t\t\t<rs-module id=\"rev_slider_5_1\" style=\"\" data-version=\"6.3.2\">\n\t\t\t\t\t<rs-slides>\n\t\t\t\t\t\t<rs-slide data-key=\"rs-7\" data-title=\"About Us\" data-anim=\"ei:d;eo:d;s:1000;r:0;t:fade;sl:0;\">\n\t\t\t\t\t\t\t<img loading=\"lazy\" decoding=\"async\" src=\"\/\/www.imaginecolor.us\/wp-content\/uploads\/2021\/04\/Banner-Jute.png\" title=\"Banner Jute\" width=\"1920\" height=\"568\" class=\"rev-slidebg\" data-no-retina>\n<!---->\t\t\t\t\t\t<\/rs-slide>\n\t\t\t\t\t<\/rs-slides>\n\t\t\t\t<\/rs-module>\n\t\t\t\t<script type=\"text\/javascript\">\n\t\t\t\t\tsetREVStartSize({c: 'rev_slider_5_1',rl:[1240,1024,778,480],el:[568],gw:[1240],gh:[568],type:'standard',justify:'',layout:'fullwidth',mh:\"0\"});\n\t\t\t\t\tvar\trevapi5,\n\t\t\t\t\t\ttpj;\n\t\t\t\t\tfunction revinit_revslider51() {\n\t\t\t\t\tjQuery(function() {\n\t\t\t\t\t\ttpj = jQuery;\n\t\t\t\t\t\trevapi5 = tpj(\"#rev_slider_5_1\");\n\t\t\t\t\t\tif(revapi5==undefined || revapi5.revolution == undefined){\n\t\t\t\t\t\t\trevslider_showDoubleJqueryError(\"rev_slider_5_1\");\n\t\t\t\t\t\t}else{\n\t\t\t\t\t\t\trevapi5.revolution({\n\t\t\t\t\t\t\t\tsliderLayout:\"fullwidth\",\n\t\t\t\t\t\t\t\tvisibilityLevels:\"1240,1024,778,480\",\n\t\t\t\t\t\t\t\tgridwidth:1240,\n\t\t\t\t\t\t\t\tgridheight:568,\n\t\t\t\t\t\t\t\tperspective:600,\n\t\t\t\t\t\t\t\tperspectiveType:\"global\",\n\t\t\t\t\t\t\t\teditorheight:\"568,768,960,720\",\n\t\t\t\t\t\t\t\tresponsiveLevels:\"1240,1024,778,480\",\n\t\t\t\t\t\t\t\tprogressBar:{disableProgressBar:true},\n\t\t\t\t\t\t\t\tnavigation: {\n\t\t\t\t\t\t\t\t\tonHoverStop:false\n\t\t\t\t\t\t\t\t},\n\t\t\t\t\t\t\t\tfallbacks: {\n\t\t\t\t\t\t\t\t\tallowHTML5AutoPlayOnAndroid:true\n\t\t\t\t\t\t\t\t},\n\t\t\t\t\t\t\t});\n\t\t\t\t\t\t}\n\t\t\t\t\t\t\n\t\t\t\t\t});\n\t\t\t\t\t} \/\/ End of RevInitScript\n\t\t\t\tvar once_revslider51 = false;\n\t\t\t\tif (document.readyState === \"loading\") {document.addEventListener('readystatechange',function() { if((document.readyState === \"interactive\" || document.readyState === \"complete\") && !once_revslider51 ) { once_revslider51 = true; revinit_revslider51();}});} else {once_revslider51 = true; revinit_revslider51();}\n\t\t\t\t<\/script>\n\t\t\t<\/rs-module-wrap>\n\t\t\t<!-- END REVOLUTION SLIDER -->\n<div class=\"vc_empty_space\"   style=\"height: 80px\"><span class=\"vc_empty_space_inner\"><\/span><\/div>\n\t<div class=\"wpb_text_column wpb_content_element\" >\n\t\t<div class=\"wpb_wrapper\">\n\t\t\t<h1 style=\"text-align: center;\">Preguntas y Respuestas<\/h1>\n\n\t\t<\/div>\n\t<\/div>\n<\/div><\/div><\/div><\/div><\/div><div class=\"vc_row vc_custom_1617063724166\"><div class=\"zy-vc-wrapper\"><div class=\"wpb_column kolaso_column vc_column_container vc_col-sm-6 vc_custom_1617913519167\"><div class=\"vc_column-inner\"><div class=\"zy_wrapper wpb_wrapper\"><div class=\"vc_tta-container\" data-vc-action=\"collapse\"><div class=\"vc_general vc_tta vc_tta-accordion vc_tta-color-grey vc_tta-style-classic vc_tta-shape-rounded vc_tta-o-shape-group vc_tta-controls-align-left\"><div class=\"vc_tta-panels-container\"><div class=\"vc_tta-panels\"><div class=\"vc_tta-panel vc_active\" id=\"1617910501525-a443fc0e-fae8\" data-vc-content=\".vc_tta-panel-body\"><div class=\"vc_tta-panel-heading\"><h4 class=\"vc_tta-panel-title vc_tta-controls-icon-position-right\"><a href=\"#1617910501525-a443fc0e-fae8\" data-vc-accordion data-vc-container=\".vc_tta-container\"><span class=\"vc_tta-title-text\">\u00bfQu\u00e9 es el YUTE?<\/span><i class=\"vc_tta-controls-icon vc_tta-controls-icon-plus\"><\/i><\/a><\/h4><\/div><div class=\"vc_tta-panel-body\">\n\t<div class=\"wpb_text_column wpb_content_element\" >\n\t\t<div class=\"wpb_wrapper\">\n\t\t\t<p style=\"text-align: justify;\">El YUTE es una fibra natural es un recurso sustentable y ecol\u00f3gico. Proviene de una planta que NO require de riego NI fertilizantes, NO hay desperdicio, la planta se utiliza en su totalidad. Para m\u00e1s informaci\u00f3n acerca del YUTE <a href=\"https:\/\/www.imaginecolor.us\/es\/about-us\/\">haga click aqu\u00ed.<\/a><\/p>\n\n\t\t<\/div>\n\t<\/div>\n<\/div><\/div><div class=\"vc_tta-panel\" id=\"1617910501533-954ac48a-336a\" data-vc-content=\".vc_tta-panel-body\"><div class=\"vc_tta-panel-heading\"><h4 class=\"vc_tta-panel-title vc_tta-controls-icon-position-right\"><a href=\"#1617910501533-954ac48a-336a\" data-vc-accordion data-vc-container=\".vc_tta-container\"><span class=\"vc_tta-title-text\">\u00bfQu\u00e9 es el YUCO?<\/span><i class=\"vc_tta-controls-icon vc_tta-controls-icon-plus\"><\/i><\/a><\/h4><\/div><div class=\"vc_tta-panel-body\">\n\t<div class=\"wpb_text_column wpb_content_element\" >\n\t\t<div class=\"wpb_wrapper\">\n\t\t\t<p style=\"text-align: justify;\"> Es una mezcla de 2 fibras vegetales, YUTE en un 75% y ALGOD\u00d3N en un 25%  obteniendo un extraordinario tejido con la firmeza del YUTE y la suavidad y flexibilidad del ALGOD\u00d3N. EL YUCO tiene una larga vida y es respetuoso del medio ambiente.<\/p>\n\n\t\t<\/div>\n\t<\/div>\n<\/div><\/div><div class=\"vc_tta-panel\" id=\"1617912731137-e0b4d189-6ba7\" data-vc-content=\".vc_tta-panel-body\"><div class=\"vc_tta-panel-heading\"><h4 class=\"vc_tta-panel-title vc_tta-controls-icon-position-right\"><a href=\"#1617912731137-e0b4d189-6ba7\" data-vc-accordion data-vc-container=\".vc_tta-container\"><span class=\"vc_tta-title-text\">\u00bfCu\u00e1les son los beneficios que obtengo con las bolsas reutilizables de Imagine Color?<\/span><i class=\"vc_tta-controls-icon vc_tta-controls-icon-plus\"><\/i><\/a><\/h4><\/div><div class=\"vc_tta-panel-body\">\n\t<div class=\"wpb_text_column wpb_content_element\" >\n\t\t<div class=\"wpb_wrapper\">\n\t\t\t<p style=\"text-align: justify;\"> Nuestras bolsas crean oportunidades incre\u00edbles de marketing para cualquier persona o empresa con iniciativas y proyectos sustenables.\nCada bolsa tiene una vida \u00fatil de 3 a 4 a\u00f1os, las personas las usar\u00e1n una y otra vez llevando consigo la marca. \nImagine Color es una marca reconocida por utilizar materiales de alta calidad. Inspecciones regulares validan la calidad de nuestras bolsas.\nSomos reconocidas por producir bolsas muy durables de alta calidad que resisten al paso del tiempo con cuidados muy b\u00e1sicos.<\/p>\n\n\t\t<\/div>\n\t<\/div>\n<\/div><\/div><div class=\"vc_tta-panel\" id=\"1617912791234-c5c527a2-eab0\" data-vc-content=\".vc_tta-panel-body\"><div class=\"vc_tta-panel-heading\"><h4 class=\"vc_tta-panel-title vc_tta-controls-icon-position-right\"><a href=\"#1617912791234-c5c527a2-eab0\" data-vc-accordion data-vc-container=\".vc_tta-container\"><span class=\"vc_tta-title-text\">\u00bfQui\u00e9nes son los clientes de Imagine Color?<\/span><i class=\"vc_tta-controls-icon vc_tta-controls-icon-plus\"><\/i><\/a><\/h4><\/div><div class=\"vc_tta-panel-body\">\n\t<div class=\"wpb_text_column wpb_content_element\" >\n\t\t<div class=\"wpb_wrapper\">\n\t\t\t<p style=\"text-align: justify;\"> Nuestros clientes abarcan desde los principales supermercados, tiendas de conveniencia, minoristas independientes, organizaciones ben\u00e9ficas, turismo, aerol\u00edneas, universidades, bancos, tiendas de vinos y licores, hasta particulares que comparten nuestras bolsas en bodas, bautizos y dem\u00e1s eventos sociales y politicos.<\/p>\n\n\t\t<\/div>\n\t<\/div>\n<\/div><\/div><div class=\"vc_tta-panel\" id=\"1617912830585-8907842b-0c68\" data-vc-content=\".vc_tta-panel-body\"><div class=\"vc_tta-panel-heading\"><h4 class=\"vc_tta-panel-title vc_tta-controls-icon-position-right\"><a href=\"#1617912830585-8907842b-0c68\" data-vc-accordion data-vc-container=\".vc_tta-container\"><span class=\"vc_tta-title-text\">\u00bfVenden bolsas sin impresi\u00f3n?<\/span><i class=\"vc_tta-controls-icon vc_tta-controls-icon-plus\"><\/i><\/a><\/h4><\/div><div class=\"vc_tta-panel-body\">\n\t<div class=\"wpb_text_column wpb_content_element\" >\n\t\t<div class=\"wpb_wrapper\">\n\t\t\t<p style=\"text-align: justify;\">\nSi. Mantenemos un stock de sin impresi\u00f3n en nuestro almac\u00e9n. Comun\u00edquese con nosotros para obtener m\u00e1s detalles y precios.<\/p>\n\n\t\t<\/div>\n\t<\/div>\n<\/div><\/div><div class=\"vc_tta-panel\" id=\"1617912857051-4b7cd129-7c09\" data-vc-content=\".vc_tta-panel-body\"><div class=\"vc_tta-panel-heading\"><h4 class=\"vc_tta-panel-title vc_tta-controls-icon-position-right\"><a href=\"#1617912857051-4b7cd129-7c09\" data-vc-accordion data-vc-container=\".vc_tta-container\"><span class=\"vc_tta-title-text\">\u00bfCu\u00e1les son las cantidades m\u00ednimas?<\/span><i class=\"vc_tta-controls-icon vc_tta-controls-icon-plus\"><\/i><\/a><\/h4><\/div><div class=\"vc_tta-panel-body\">\n\t<div class=\"wpb_text_column wpb_content_element\" >\n\t\t<div class=\"wpb_wrapper\">\n\t\t\t<p style=\"text-align: justify;\">Surtimos pedidos de bolsas en stock a trav\u00e9s de nuestra p\u00e1gina web, v\u00eda telef\u00f3nica, v\u00eda FB. Los pedidos personalizados se venden en contenedores de 20, 40 y 40HQ pies. Comun\u00edquese con nosotros para solicitar una cotizaci\u00f3n.<\/p>\n\n\t\t<\/div>\n\t<\/div>\n<\/div><\/div><div class=\"vc_tta-panel\" id=\"1617912886492-fb2483b2-c806\" data-vc-content=\".vc_tta-panel-body\"><div class=\"vc_tta-panel-heading\"><h4 class=\"vc_tta-panel-title vc_tta-controls-icon-position-right\"><a href=\"#1617912886492-fb2483b2-c806\" data-vc-accordion data-vc-container=\".vc_tta-container\"><span class=\"vc_tta-title-text\">\u00bfCu\u00e1l es el tiempo de entrega de un pedido?<\/span><i class=\"vc_tta-controls-icon vc_tta-controls-icon-plus\"><\/i><\/a><\/h4><\/div><div class=\"vc_tta-panel-body\">\n\t<div class=\"wpb_text_column wpb_content_element\" >\n\t\t<div class=\"wpb_wrapper\">\n\t\t\t<p style=\"text-align: justify;\">Para pedidos personalizados por contenedor, nuestro tiempo de entrega aproximado es de 14 a 16 semanas despu\u00e9s de aprobado el dise\u00f1o final y las muestras. Para pedidos personalizados de bolsas de stock de 15 a 20 d\u00edas h\u00e1biles despu\u00e9s de aprobado el arte. Para pedidos de bolsas sin impresi\u00f3n, de 3 a 5 d\u00edas h\u00e1biles.<\/p>\n\n\t\t<\/div>\n\t<\/div>\n<\/div><\/div><\/div><\/div><\/div><\/div><\/div><\/div><\/div><div class=\"wpb_column kolaso_column vc_column_container vc_col-sm-6 vc_custom_1617913528074\"><div class=\"vc_column-inner\"><div class=\"zy_wrapper wpb_wrapper\"><div class=\"vc_tta-container\" data-vc-action=\"collapse\"><div class=\"vc_general vc_tta vc_tta-accordion vc_tta-color-grey vc_tta-style-classic vc_tta-shape-rounded vc_tta-o-shape-group vc_tta-controls-align-left\"><div class=\"vc_tta-panels-container\"><div class=\"vc_tta-panels\"><div class=\"vc_tta-panel vc_active\" id=\"1617913228418-fd9b9db9-e0b6\" data-vc-content=\".vc_tta-panel-body\"><div class=\"vc_tta-panel-heading\"><h4 class=\"vc_tta-panel-title vc_tta-controls-icon-position-right\"><a href=\"#1617913228418-fd9b9db9-e0b6\" data-vc-accordion data-vc-container=\".vc_tta-container\"><span class=\"vc_tta-title-text\">\u00bfPuedo pedir bolsas para mi boda, negocios o eventos especiales?<\/span><i class=\"vc_tta-controls-icon vc_tta-controls-icon-plus\"><\/i><\/a><\/h4><\/div><div class=\"vc_tta-panel-body\">\n\t<div class=\"wpb_text_column wpb_content_element\" >\n\t\t<div class=\"wpb_wrapper\">\n\t\t\t<p style=\"text-align: justify;\">Si. Comun\u00edquese con nosotros para obtener m\u00e1s detalles y precios.<\/p>\n\n\t\t<\/div>\n\t<\/div>\n<\/div><\/div><div class=\"vc_tta-panel\" id=\"1617913228435-e45b5257-01b9\" data-vc-content=\".vc_tta-panel-body\"><div class=\"vc_tta-panel-heading\"><h4 class=\"vc_tta-panel-title vc_tta-controls-icon-position-right\"><a href=\"#1617913228435-e45b5257-01b9\" data-vc-accordion data-vc-container=\".vc_tta-container\"><span class=\"vc_tta-title-text\">\u00bfQu\u00e9 tipo de bolsas producen?<\/span><i class=\"vc_tta-controls-icon vc_tta-controls-icon-plus\"><\/i><\/a><\/h4><\/div><div class=\"vc_tta-panel-body\">\n\t<div class=\"wpb_text_column wpb_content_element\" >\n\t\t<div class=\"wpb_wrapper\">\n\t\t\t<p style=\"text-align: justify;\">Nuestras bolsas se dividen en cinco categor\u00edas: YUTE, YUCO, ALGOD\u00d3N, MALLA y rPET (100% poli\u00e9ster reciclado post consumo). Por la gran variedad de nuestros clientes tenemos bolsas para m\u00faltiples usos, desde compras de comestibles hasta bolsas para vino, para frutas y verduras, promocionales, obsequios y dem\u00e1s. Personalizamos las bolsas de acuerdo a tu proyecto. Si tienes una idea, \u00a1con mucho gusto te ayudaremos a hacerla realidad!<\/p>\n\n\t\t<\/div>\n\t<\/div>\n<\/div><\/div><div class=\"vc_tta-panel\" id=\"1617913613637-672200c1-5319\" data-vc-content=\".vc_tta-panel-body\"><div class=\"vc_tta-panel-heading\"><h4 class=\"vc_tta-panel-title vc_tta-controls-icon-position-right\"><a href=\"#1617913613637-672200c1-5319\" data-vc-accordion data-vc-container=\".vc_tta-container\"><span class=\"vc_tta-title-text\">\u00bfC\u00f3mo cuido mi bolsa?<\/span><i class=\"vc_tta-controls-icon vc_tta-controls-icon-plus\"><\/i><\/a><\/h4><\/div><div class=\"vc_tta-panel-body\">\n\t<div class=\"wpb_text_column wpb_content_element\" >\n\t\t<div class=\"wpb_wrapper\">\n\t\t\t<p style=\"text-align: justify;\">Cada una de nuestras bolsas lleva una etiqueta interior con instrucciones de cuidado. El cuidado de nuestras bolsas var\u00eda seg\u00fan el material.<\/p>\n\n\t\t<\/div>\n\t<\/div>\n<\/div><\/div><div class=\"vc_tta-panel\" id=\"1617913666542-39d6c3cd-0601\" data-vc-content=\".vc_tta-panel-body\"><div class=\"vc_tta-panel-heading\"><h4 class=\"vc_tta-panel-title vc_tta-controls-icon-position-right\"><a href=\"#1617913666542-39d6c3cd-0601\" data-vc-accordion data-vc-container=\".vc_tta-container\"><span class=\"vc_tta-title-text\">\u00bfEn qu\u00e9 pa\u00edses ofrecen sus bolsas?<\/span><i class=\"vc_tta-controls-icon vc_tta-controls-icon-plus\"><\/i><\/a><\/h4><\/div><div class=\"vc_tta-panel-body\">\n\t<div class=\"wpb_text_column wpb_content_element\" >\n\t\t<div class=\"wpb_wrapper\">\n\t\t\t<p style=\"text-align: justify;\">La mayor\u00eda de nuestros clientes se encuentran en Estados Unidos y  M\u00e9xico. Sin embargo, nos encantr\u00eda trabajar con clientes de todo el mundo. Comun\u00edquese con nosotros si podemos ser de ayuda para usted o para su empresa.<\/p>\n\n\t\t<\/div>\n\t<\/div>\n<\/div><\/div><div class=\"vc_tta-panel\" id=\"1617913692367-b1e63f52-ff7c\" data-vc-content=\".vc_tta-panel-body\"><div class=\"vc_tta-panel-heading\"><h4 class=\"vc_tta-panel-title vc_tta-controls-icon-position-right\"><a href=\"#1617913692367-b1e63f52-ff7c\" data-vc-accordion data-vc-container=\".vc_tta-container\"><span class=\"vc_tta-title-text\">\u00bfPuede utilizer los colores Pantone?<\/span><i class=\"vc_tta-controls-icon vc_tta-controls-icon-plus\"><\/i><\/a><\/h4><\/div><div class=\"vc_tta-panel-body\">\n\t<div class=\"wpb_text_column wpb_content_element\" >\n\t\t<div class=\"wpb_wrapper\">\n\t\t\t<p style=\"text-align: justify;\">Si. Todas nuestras bolsas se imprimen utilizando el Pantone Matching System (PMS).<\/p>\n\n\t\t<\/div>\n\t<\/div>\n<\/div><\/div><div class=\"vc_tta-panel\" id=\"1617913717619-e7f9e0b7-512f\" data-vc-content=\".vc_tta-panel-body\"><div class=\"vc_tta-panel-heading\"><h4 class=\"vc_tta-panel-title vc_tta-controls-icon-position-right\"><a href=\"#1617913717619-e7f9e0b7-512f\" data-vc-accordion data-vc-container=\".vc_tta-container\"><span class=\"vc_tta-title-text\">\u00bfPuedo personalizar el tama\u00f1o de mi bolso?<\/span><i class=\"vc_tta-controls-icon vc_tta-controls-icon-plus\"><\/i><\/a><\/h4><\/div><div class=\"vc_tta-panel-body\">\n\t<div class=\"wpb_text_column wpb_content_element\" >\n\t\t<div class=\"wpb_wrapper\">\n\t\t\t<p style=\"text-align: justify;\">\u00a1Claro! Puede personalizar totalmente sus bolsas si el proyecto cumple con las cantidades m\u00ednimas requeridas para la personalizaci\u00f3n. Trabajaremos con usted para determinar dimensiones, materiales, asas y otros detalles para crear una bolsa que satisfaga plenamente sus necesidades. Comun\u00edquese con nosotros para compartir su idea, \u00a1nos encantar\u00eda hacerla realidad!<\/p>\n\n\t\t<\/div>\n\t<\/div>\n<\/div><\/div><div class=\"vc_tta-panel\" id=\"1617913743526-2e1fddc3-f9cb\" data-vc-content=\".vc_tta-panel-body\"><div class=\"vc_tta-panel-heading\"><h4 class=\"vc_tta-panel-title vc_tta-controls-icon-position-right\"><a href=\"#1617913743526-2e1fddc3-f9cb\" data-vc-accordion data-vc-container=\".vc_tta-container\"><span class=\"vc_tta-title-text\">\u00bfQu\u00e9 pasa si no tengo un dise\u00f1o de arte?<\/span><i class=\"vc_tta-controls-icon vc_tta-controls-icon-plus\"><\/i><\/a><\/h4><\/div><div class=\"vc_tta-panel-body\">\n\t<div class=\"wpb_text_column wpb_content_element\" >\n\t\t<div class=\"wpb_wrapper\">\n\t\t\t<p style=\"text-align: justify;\">Contamos con un equipo de dise\u00f1o que est\u00e1 listo para hacer realidad sus ideas.<\/p>\n\n\t\t<\/div>\n\t<\/div>\n<\/div><\/div><div class=\"vc_tta-panel\" id=\"1617913763302-20221050-2513\" data-vc-content=\".vc_tta-panel-body\"><div class=\"vc_tta-panel-heading\"><h4 class=\"vc_tta-panel-title vc_tta-controls-icon-position-right\"><a href=\"#1617913763302-20221050-2513\" data-vc-accordion data-vc-container=\".vc_tta-container\"><span class=\"vc_tta-title-text\">\u00bfPuedo recibir una muestra antes de que se complete mi pedido?<\/span><i class=\"vc_tta-controls-icon vc_tta-controls-icon-plus\"><\/i><\/a><\/h4><\/div><div class=\"vc_tta-panel-body\">\n\t<div class=\"wpb_text_column wpb_content_element\" >\n\t\t<div class=\"wpb_wrapper\">\n\t\t\t<p style=\"text-align: justify;\">Si. Es parte de nuestro proceso enviarle una muestra antes de iniciar la producci\u00f3n de su pedido.<\/p>\n\n\t\t<\/div>\n\t<\/div>\n<\/div><\/div><\/div><\/div><\/div><\/div><\/div><\/div><\/div><\/div><\/div>","protected":false},"excerpt":{"rendered":"Frequently Asked Questions What is JUTE? JUTE is a strong natural fiber; it is sustainable and eco-friendly. JUTE comes from a plant that requires NO irrigation, NO fertilizers and produces NO waste. For more information on JUTE, click here. What is JUCO? JUCO is a woven combination of 75% JUTE and 25% COTTON. It brings [...]","protected":false},"author":1,"featured_media":0,"parent":0,"menu_order":0,"comment_status":"closed","ping_status":"closed","template":"","meta":{"_coblocks_attr":"","_coblocks_dimensions":"","_coblocks_responsive_height":"","_coblocks_accordion_ie_support":"","footnotes":""},"class_list":["post-336","page","type-page","status-publish","hentry"],"_links":{"self":[{"href":"https:\/\/www.imaginecolor.us\/es\/wp-json\/wp\/v2\/pages\/336","targetHints":{"allow":["GET"]}}],"collection":[{"href":"https:\/\/www.imaginecolor.us\/es\/wp-json\/wp\/v2\/pages"}],"about":[{"href":"https:\/\/www.imaginecolor.us\/es\/wp-json\/wp\/v2\/types\/page"}],"author":[{"embeddable":true,"href":"https:\/\/www.imaginecolor.us\/es\/wp-json\/wp\/v2\/users\/1"}],"replies":[{"embeddable":true,"href":"https:\/\/www.imaginecolor.us\/es\/wp-json\/wp\/v2\/comments?post=336"}],"version-history":[{"count":0,"href":"https:\/\/www.imaginecolor.us\/es\/wp-json\/wp\/v2\/pages\/336\/revisions"}],"wp:attachment":[{"href":"https:\/\/www.imaginecolor.us\/es\/wp-json\/wp\/v2\/media?parent=336"}],"curies":[{"name":"wp","href":"https:\/\/api.w.org\/{rel}","templated":true}]}}